{"id":817,"date":"2023-02-28T12:59:59","date_gmt":"2023-02-28T12:59:59","guid":{"rendered":"http:\/\/karambolmedya.com\/?page_id=817"},"modified":"2023-02-28T13:14:13","modified_gmt":"2023-02-28T13:14:13","slug":"about-us","status":"publish","type":"page","link":"https:\/\/karambolmedya.com\/index.php\/about-us\/","title":{"rendered":"About Us"},"content":{"rendered":"[vc_row thb_divider_position=&#8221;bottom&#8221;][vc_column][vc_empty_space height=&#8221;200px&#8221;][\/vc_column][\/vc_row][vc_row thb_divider_position=&#8221;bottom&#8221; bg_gradient1=&#8221;#abd68d&#8221;][vc_column][vc_column_text animation=&#8221;animation left-to-right&#8221;]\n<div class=\"VgO9Yg\" style=\"text-align: left;\"><\/div>\n<div style=\"text-align: left;\"><\/div>\n<div style=\"text-align: left;\"><\/div>\n<div class=\"\" data-mesh-id=\"comp-ldlpxwf21inlineContent\" data-testid=\"inline-content\">\n<div data-mesh-id=\"comp-ldlpxwf21inlineContent-gridContainer\" data-testid=\"mesh-container-content\">\n<div id=\"comp-ldlpxwf23\" class=\"BaOVQ8 tz5f0K comp-ldlpxwf23 wixui-text\" data-testid=\"richTextElement\">\n<p class=\"font_9\" style=\"text-align: left;\"><span class=\"color_25\">Karambol Medya g\u00f6r\u00fcnt\u00fc kurgusu sunan bir \u015firkettir. TV programlar\u0131, diziler, reklamlar ve filmler i\u00e7in profesyonel \u00e7\u00f6z\u00fcmler sunuyoruz. <\/span><\/p>\n<p class=\"font_9\" style=\"text-align: left;\"><span class=\"color_25\">Etkileyici videolar \u00e7ekmek isteyen herkes i\u00e7inde biz buraday\u0131z. Hikayenizi bizimle ke\u015ffetmek ve onu etkileyici bir video haline getirmek i\u00e7in hemen bizimle ileti\u015fime ge\u00e7in!<br \/>\n<\/span><\/p>\n<p class=\"font_9\" style=\"text-align: left;\"><span class=\"color_25\">Uzun y\u0131llar deneyimi olan ekibimiz, m\u00fc\u015fteri memnuniyeti odakl\u0131 \u00e7al\u0131\u015f\u0131yor ve ihtiya\u00e7lar\u0131n\u0131za uygun, zaman\u0131nda ve b\u00fct\u00e7enize uygun \u00e7\u00f6z\u00fcmler sunuyoruz.\u00a0<\/span><\/p>\n<p class=\"font_9\" style=\"text-align: left;\"><span class=\"color_25\">D\u00fcnya s\u0131rad\u0131\u015f\u0131 bir yerdir ve biz de oynad\u0131\u011f\u0131m\u0131z rol\u00fcn fark\u0131nday\u0131z. Sizin hikayenizi en iyi \u015fekilde anlatman\u0131n yolunu bulmak i\u00e7in elimizden geleni yap\u0131yoruz.\u00a0<\/span><\/p>\n<p class=\"font_9\" style=\"text-align: left;\"><span class=\"color_25\">Unutmay\u0131n, bizim amac\u0131m\u0131z sadece hikayenizi anlatmak de\u011fil, ayn\u0131 zamanda sizi g\u00fcl\u00fcmsetmek. B\u00f6ylece, e\u011fer kahkaha att\u0131ysan\u0131z veya g\u00f6zya\u015f\u0131 d\u00f6kt\u00fcyseniz, biz i\u015fimizi iyi yapm\u0131\u015f\u0131z demektir.<br \/>\nBiz buraday\u0131z ve sizin hikayenizi anlatmak i\u00e7in haz\u0131r\u0131z.<br \/>\n<\/span><\/p>\n<p class=\"font_9\" style=\"text-align: left;\"><span class=\"color_25\">Birlikte ba\u015flayal\u0131m!<\/span><\/p>\n<\/div>\n<\/div>\n<\/div>\n[\/vc_column_text][\/vc_column][\/vc_row][vc_row thb_divider_position=&#8221;bottom&#8221;][vc_column][vc_empty_space height=&#8221;50px&#8221;][\/vc_column][\/vc_row][vc_row thb_divider_position=&#8221;bottom&#8221;][vc_column][vc_column_text animation=&#8221;animation fade-in&#8221;]\n<div id=\"comp-ldlpp1rk2\" class=\"BaOVQ8 tz5f0K comp-ldlpp1rk2 wixui-text\" data-testid=\"richTextElement\">\n<h5><\/h5>\n<h5><\/h5>\n<h5><\/h5>\n<blockquote>\n<h5 class=\"p1\">H\u0130ZMETLER<\/h5>\n<\/blockquote>\n<p>&nbsp;<\/p>\n<ul>\n<li class=\"p1\">YARATICI GEL\u0130\u015eT\u0130RME S\u00dcREC\u0130<\/li>\n<\/ul>\n<p>&nbsp;<\/p>\n<p class=\"p1\">S\u0131rad\u0131\u015f\u0131 ve etkileyici videolar i\u00e7in g\u00fcncel trendleri takip ediyor ve onlar\u0131 m\u00fc\u015fterilerimize uygun hale getiriyoruz. Bize g\u00fcvenin ve hayallerinizi ger\u00e7e\u011fe d\u00f6n\u00fc\u015ft\u00fcrelim. \u0130ster profesyonel bir \u00e7al\u0131\u015fma isteyin, ister sadece e\u011flenmek i\u00e7in bir videoya ihtiyac\u0131n\u0131z olsun, biz her zaman yan\u0131n\u0131zday\u0131z!<\/p>\n<p>&nbsp;<\/p>\n<ul>\n<li class=\"p1\">PROD\u00dcKS\u0130YON<\/li>\n<\/ul>\n<p>&nbsp;<\/p>\n<p class=\"p1\">\u015eirketimiz, etkileyici videolar \u00e7ekmek isteyenler i\u00e7in hayallerini ger\u00e7e\u011fe d\u00f6n\u00fc\u015ft\u00fcrmenin yolunu a\u00e7\u0131yor! Uzman ekibimizle birlikte, s\u0131rad\u0131\u015f\u0131 ve be\u011fenilir videolar \u00e7ekmenin yollar\u0131n\u0131 ke\u015ffediyoruz. \u0130\u015fin i\u00e7inde olsun veya olmas\u0131n, herkesin fikirlerine sayg\u0131 duyuyoruz ve onlar\u0131n vizyonlar\u0131n\u0131 hayata ge\u00e7irmek i\u00e7in elimizden geleni yap\u0131yoruz.<\/p>\n<p>&nbsp;<\/p>\n<ul>\n<li class=\"p1\">POST-PROD\u00dcKS\u0130YON<\/li>\n<\/ul>\n<p>&nbsp;<\/p>\n<p class=\"p1\">Yap\u0131m a\u015famas\u0131ndan sonraki b\u00fct\u00fcn a\u015famalar\u0131 kusursuz bir \u015fekilde yerine getiriyoruz. Biz, m\u00fc\u015fterilerimize en iyi hizmeti sunmak i\u00e7in t\u00fcm bu a\u015famalar\u0131 en ince ayr\u0131nt\u0131s\u0131na kadar dikkate al\u0131r\u0131z ve her zaman m\u00fckemmel sonu\u00e7lar elde etmeyi hedefleriz. \u0130lk olarak, kliplerin kalitesini ve performans\u0131n\u0131 art\u0131rmak i\u00e7in kurgu a\u015famas\u0131na ge\u00e7iyoruz. Bu a\u015famada, g\u00f6r\u00fcnt\u00fcleri optimize ediyor ve en uygun \u015fekilde birle\u015ftiriyoruz. Daha sonra, ses, renk d\u00fczenleme ve m\u00fczik ekleme gibi i\u015flemler yap\u0131yoruz. Efektler ve g\u00f6rselle\u015ftirmeler eklenerek, klip tamamlan\u0131yor. Son olarak, kalite kontrol a\u015famas\u0131nda klip, teknik ve i\u00e7erik a\u00e7\u0131s\u0131ndan incelenir ve gerekli d\u00fczenlemeler yap\u0131l\u0131r. Bizimle \u00e7al\u0131\u015fmak, m\u00fckemmel sonu\u00e7lar i\u00e7in do\u011fru adres!<\/p>\n<\/div>\n[\/vc_column_text][\/vc_column][\/vc_row]\n","protected":false},"excerpt":{"rendered":"<p>[vc_row thb_divider_position=&#8221;bottom&#8221;][vc_column][vc_empty_space height=&#8221;200px&#8221;][\/vc_column][\/vc_row][vc_row thb_divider_position=&#8221;bottom&#8221; bg_gradient1=&#8221;#abd68d&#8221;][vc_column][vc_column_text animation=&#8221;animation left-to-right&#8221;] Karambol Medya g\u00f6r\u00fcnt\u00fc kurgusu sunan bir \u015firkettir. TV programlar\u0131, diziler, reklamlar ve filmler i\u00e7in profesyonel \u00e7\u00f6z\u00fcmler sunuyoruz. Etkileyici videolar \u00e7ekmek isteyen herkes i\u00e7inde biz buraday\u0131z. Hikayenizi bizimle ke\u015ffetmek ve onu etkileyici bir video haline getirmek i\u00e7in hemen bizimle ileti\u015fime ge\u00e7in! Uzun y\u0131llar deneyimi olan ekibimiz, m\u00fc\u015fteri memnuniyeti odakl\u0131&hellip;<\/p>\n","protected":false},"author":1,"featured_media":0,"parent":0,"menu_order":0,"comment_status":"closed","ping_status":"closed","template":"","meta":[],"_links":{"self":[{"href":"https:\/\/karambolmedya.com\/index.php\/wp-json\/wp\/v2\/pages\/817"}],"collection":[{"href":"https:\/\/karambolmedya.com\/index.php\/wp-json\/wp\/v2\/pages"}],"about":[{"href":"https:\/\/karambolmedya.com\/index.php\/wp-json\/wp\/v2\/types\/page"}],"author":[{"embeddable":true,"href":"https:\/\/karambolmedya.com\/index.php\/wp-json\/wp\/v2\/users\/1"}],"replies":[{"embeddable":true,"href":"https:\/\/karambolmedya.com\/index.php\/wp-json\/wp\/v2\/comments?post=817"}],"version-history":[{"count":14,"href":"https:\/\/karambolmedya.com\/index.php\/wp-json\/wp\/v2\/pages\/817\/revisions"}],"predecessor-version":[{"id":833,"href":"https:\/\/karambolmedya.com\/index.php\/wp-json\/wp\/v2\/pages\/817\/revisions\/833"}],"wp:attachment":[{"href":"https:\/\/karambolmedya.com\/index.php\/wp-json\/wp\/v2\/media?parent=817"}],"curies":[{"name":"wp","href":"https:\/\/api.w.org\/{rel}","templated":true}]}}